{"id":995,"date":"2023-06-06T09:12:51","date_gmt":"2023-06-06T09:12:51","guid":{"rendered":"https:\/\/danmarkiptv.tv\/?page_id=995"},"modified":"2026-02-26T12:57:33","modified_gmt":"2026-02-26T12:57:33","slug":"privacy-policy","status":"publish","type":"page","link":"https:\/\/danmarkiptv.tv\/en\/privacy-policy\/","title":{"rendered":"Privacy Policy"},"content":{"rendered":"<div data-elementor-type=\"wp-page\" data-elementor-id=\"995\" class=\"elementor elementor-995\" data-elementor-post-type=\"page\">\n\t\t\t\t\t\t<section class=\"elementor-section elementor-top-section elementor-element elementor-element-570dcf9a elementor-section-boxed elementor-section-height-default elementor-section-height-default\" data-id=\"570dcf9a\" data-element_type=\"section\" data-e-type=\"section\" data-settings=\"{&quot;background_background&quot;:&quot;classic&quot;}\">\n\t\t\t\t\t\t<div class=\"elementor-container elementor-column-gap-default\">\n\t\t\t\t\t<div class=\"elementor-column elementor-col-100 elementor-top-column elementor-element elementor-element-37893a5f\" data-id=\"37893a5f\" data-element_type=\"column\" data-e-type=\"column\">\n\t\t\t<div class=\"elementor-widget-wrap elementor-element-populated\">\n\t\t\t\t\t\t<section class=\"elementor-section elementor-inner-section elementor-element elementor-element-13ea9db9 elementor-section-boxed elementor-section-height-default elementor-section-height-default\" data-id=\"13ea9db9\" data-element_type=\"section\" data-e-type=\"section\" data-settings=\"{&quot;background_background&quot;:&quot;gradient&quot;}\">\n\t\t\t\t\t\t\t<div class=\"elementor-background-overlay\"><\/div>\n\t\t\t\t\t\t\t<div class=\"elementor-container elementor-column-gap-default\">\n\t\t\t\t\t<div class=\"elementor-column elementor-col-100 elementor-inner-column elementor-element elementor-element-790f663a\" data-id=\"790f663a\" data-element_type=\"column\" data-e-type=\"column\">\n\t\t\t<div class=\"elementor-widget-wrap elementor-element-populated\">\n\t\t\t\t\t\t<div class=\"elementor-element elementor-element-6e6808e8 elementor-invisible elementor-widget elementor-widget-heading\" data-id=\"6e6808e8\" data-element_type=\"widget\" data-e-type=\"widget\" data-settings=\"{&quot;_animation&quot;:&quot;bounceIn&quot;}\" data-widget_type=\"heading.default\">\n\t\t\t\t<div class=\"elementor-widget-container\">\n\t\t\t\t\t<h1 class=\"elementor-heading-title elementor-size-default\">Privatlivspolitik\n<\/h1>\t\t\t\t<\/div>\n\t\t\t\t<\/div>\n\t\t\t\t\t<\/div>\n\t\t<\/div>\n\t\t\t\t\t<\/div>\n\t\t<\/section>\n\t\t\t\t\t<\/div>\n\t\t<\/div>\n\t\t\t\t\t<\/div>\n\t\t<\/section>\n\t\t\t\t<section class=\"elementor-section elementor-top-section elementor-element elementor-element-7064943 elementor-section-boxed elementor-section-height-default elementor-section-height-default\" data-id=\"7064943\" data-element_type=\"section\" data-e-type=\"section\" data-settings=\"{&quot;background_background&quot;:&quot;classic&quot;}\">\n\t\t\t\t\t\t<div class=\"elementor-container elementor-column-gap-default\">\n\t\t\t\t\t<div class=\"elementor-column elementor-col-100 elementor-top-column elementor-element elementor-element-6f296e2\" data-id=\"6f296e2\" data-element_type=\"column\" data-e-type=\"column\">\n\t\t\t<div class=\"elementor-widget-wrap elementor-element-populated\">\n\t\t\t\t\t\t<div class=\"elementor-element elementor-element-acf4dc1 elementor-widget elementor-widget-text-editor\" data-id=\"acf4dc1\" data-element_type=\"widget\" data-e-type=\"widget\" data-widget_type=\"text-editor.default\">\n\t\t\t\t<div class=\"elementor-widget-container\">\n\t\t\t\t\t\t\t\t\t<p>Denne privatlivspolitik beskriver vores politikker og procedurer for indsamling, brug og videregivelse af dine oplysninger, n\u00e5r du bruger Tjenesten, samt informerer dig om dine privatlivsrettigheder og hvordan loven beskytter dig.<\/p>\n\n<p>Vi bruger dine personlige oplysninger til at levere og forbedre Tjenesten. Ved at bruge Tjenesten accepterer du indsamling og brug af oplysninger i overensstemmelse med denne privatlivspolitik. Denne privatlivspolitik er oprettet med hj\u00e6lp fra <a href=\"https:\/\/www.termsfeed.com\/privacy-policy-generator\/\" target=\"_blank\" rel=\"noopener\">TermsFeed Privacy Policy Generator<\/a>.<\/p>\n\n<h3>Fortolkning og definitioner<\/h3>\n\n<h3>Fortolkning<\/h3>\n<p>Ord, hvis begyndelsesbogstav er med stort, har betydninger defineret i de f\u00f8lgende vilk\u00e5r. F\u00f8lgende definitioner har samme betydning, uanset om de bruges i ental eller flertal.<\/p>\n\n<h3>Definitioner<\/h3>\n<p>For form\u00e5lene med denne privatlivspolitik:<\/p>\n<ul>\n  <li><strong>Konto<\/strong> betyder en unik konto oprettet til dig for at f\u00e5 adgang til vores Tjeneste eller dele af den.<\/li>\n  <li><strong>Partner<\/strong> betyder en enhed, der kontrollerer, er kontrolleret af, eller er under f\u00e6lles kontrol med en part, hvor &#8220;kontrol&#8221; betyder besiddelse af 50% eller mere af aktier, kapitalandele eller andre v\u00e6rdipapirer med stemmeret til valg af direkt\u00f8rer eller anden ledende myndighed.<\/li>\n  <li><strong>Firma<\/strong> (ben\u00e6vnt i denne aftale som &#8220;Firma&#8221;, &#8220;Vi&#8221;, &#8220;Os&#8221; eller &#8220;Vores&#8221;) refererer til demo2.<\/li>\n  <li><strong>Cookies<\/strong> er sm\u00e5 filer, der placeres p\u00e5 din computer, mobiltelefon eller andet udstyr af et websted, og som indeholder detaljer om din browserhistorik p\u00e5 dette websted til forskellige form\u00e5l.<\/li>\n  <li><strong>Land<\/strong> henviser til: Californien, USA.<\/li>\n  <li><strong>Enhed<\/strong> betyder enhver enhed, der kan f\u00e5 adgang til Tjenesten, s\u00e5som en computer, mobiltelefon eller digital tablet.<\/li>\n  <li><strong>Personlige oplysninger<\/strong> betyder enhver information, der vedr\u00f8rer en identificeret eller identificerbar person.<\/li>\n  <li><strong>Tjeneste<\/strong> henviser til Websitet.<\/li>\n  <li><strong>Tjenesteudbyder<\/strong> betyder enhver fysisk eller juridisk person, der behandler data p\u00e5 vegne af Firmaet. Dette omfatter tredjepartsfirmaer eller enkeltpersoner ansat af Firmaet for at lette Tjenesten, levere Tjenesten p\u00e5 vegne af Firmaet, udf\u00f8re tjenester relateret til Tjenesten eller hj\u00e6lpe Firmaet med at analysere, hvordan Tjenesten anvendes.<\/li>\n  <li><strong>Tredjeparts sociale netv\u00e6rkstjenester<\/strong> henviser til ethvert websted eller socialt netv\u00e6rk, hvor Brugeren kan logge ind eller oprette en konto for at bruge Tjenesten.<\/li>\n  <li><strong>Brugsdata<\/strong> henviser til data, der automatisk indsamles, genereret ved brug af Tjenesten eller fra selve Tjenestens infrastruktur (f.eks. varighed af bes\u00f8g p\u00e5 siden).<\/li>\n  <li><strong>Website<\/strong> henviser til demo2, tilg\u00e6ngelig fra demo2.<\/li>\n  <li><strong>Du<\/strong> betyder den person, der f\u00e5r adgang til eller bruger Tjenesten, eller en virksomhed eller anden juridisk enhed p\u00e5 hvis vegne en s\u00e5dan person f\u00e5r adgang til eller bruger Tjenesten, afh\u00e6ngigt af situationen.<\/li>\n<\/ul>\n\n<h3>Indsamling og brug af dine personlige oplysninger<\/h3>\n\n<h3>Typer af indsamlede data<\/h3>\n\n<h3>Personlige oplysninger<\/h3>\n<p>N\u00e5r du bruger vores Tjeneste, kan vi bede dig om at give os visse identificerbare oplysninger, som kan bruges til at kontakte dig eller identificere dig. Personligt identificerbare oplysninger kan omfatte, men er ikke begr\u00e6nset til:<\/p>\n<ul>\n  <li>Email-adresse<\/li>\n  <li>Fulde navn<\/li>\n  <li>Telefonnummer<\/li>\n  <li>Adresse, stat, provins, postnummer, by<\/li>\n  <li>Brugsdata<\/li>\n<\/ul>\n\n<h3>Brugsdata<\/h3>\n<p>Brugsdata indsamles automatisk, n\u00e5r du bruger Tjenesten.<\/p>\n<p>Brugsdata kan inkludere oplysninger s\u00e5som IP-adressen p\u00e5 din enhed, browser type, browser version, de sider af vores Tjeneste, du bes\u00f8ger, dato og tidspunkt for dit bes\u00f8g, tid brugt p\u00e5 disse sider, unikke enhedsidentifikatorer og andre diagnostiske data.<\/p>\n<p>N\u00e5r du f\u00e5r adgang til Tjenesten via en mobil enhed, kan vi automatisk indsamle visse oplysninger, herunder, men ikke begr\u00e6nset til, typen af mobil enhed, enhedens unikke ID, IP-adresse, enhedens operativsystem, type af mobilbrowser, unikke enhedsidentifikatorer og andre diagnostiske data.<\/p>\n<p>Vi kan ogs\u00e5 indsamle oplysninger, som din browser sender hver gang, du bes\u00f8ger vores Tjeneste eller f\u00e5r adgang til Tjenesten via en mobil enhed.<\/p>\n\n<h3>Oplysninger fra eksterne sociale netv\u00e6rkstjenester<\/h3>\n<p>Firmaet giver dig mulighed for at oprette en konto og logge ind for at bruge Tjenesten via f\u00f8lgende eksterne sociale netv\u00e6rkstjenester:<\/p>\n<ul>\n  <li>Google<\/li>\n  <li>Facebook<\/li>\n  <li>Twitter<\/li>\n  <li>LinkedIn<\/li>\n<\/ul>\n<p>Hvis du v\u00e6lger at registrere dig via eller p\u00e5 anden m\u00e5de give os adgang til en ekstern social netv\u00e6rkstjeneste, kan vi indsamle personlige oplysninger, som allerede er knyttet til din konto p\u00e5 den sociale netv\u00e6rkstjeneste, s\u00e5som dit navn, email, aktiviteter eller kontaktliste forbundet med denne konto.<\/p>\n<p>Du kan ogs\u00e5 have mulighed for at dele yderligere oplysninger med Firmaet via din konto p\u00e5 den sociale netv\u00e6rkstjeneste. Hvis du v\u00e6lger at give s\u00e5danne oplysninger og personlige data under registreringen eller p\u00e5 anden m\u00e5de, giver du Firmaet tilladelse til at bruge, dele og opbevare dem i overensstemmelse med denne privatlivspolitik.<\/p>\n\n<h3>Tracking-teknologier og cookies<\/h3>\n<p>Vi bruger cookies og lignende tracking-teknologier til at spore aktivitet p\u00e5 vores Tjeneste og gemme visse oplysninger. Tracking-teknologier, vi bruger, inkluderer beaconer, tags og scripts til indsamling og sporing af oplysninger og til forbedring og analyse af vores Tjeneste.<\/p>\t\t\t\t\t\t\t\t<\/div>\n\t\t\t\t<\/div>\n\t\t\t\t\t<\/div>\n\t\t<\/div>\n\t\t\t\t\t<\/div>\n\t\t<\/section>\n\t\t\t\t<\/div>","protected":false},"excerpt":{"rendered":"<p>Privatlivspolitik Denne privatlivspolitik beskriver vores politikker og procedurer for indsamling, brug og videregivelse af dine oplysninger, n\u00e5r du bruger Tjenesten, samt informerer dig om dine privatlivsrettigheder og hvordan loven beskytter dig. Vi bruger dine personlige oplysninger til at levere og forbedre Tjenesten. Ved at bruge Tjenesten accepterer du indsamling og brug af oplysninger i overensstemmelse [&hellip;]<\/p>\n","protected":false},"author":4,"featured_media":0,"parent":0,"menu_order":0,"comment_status":"closed","ping_status":"closed","template":"elementor_header_footer","meta":{"_themeisle_gutenberg_block_has_review":false,"footnotes":""},"class_list":["post-995","page","type-page","status-publish","hentry"],"rttpg_featured_image_url":null,"rttpg_author":{"display_name":"","author_link":"https:\/\/danmarkiptv.tv\/en\/author\/"},"rttpg_comment":0,"rttpg_category":null,"rttpg_excerpt":"Privatlivspolitik Denne privatlivspolitik beskriver vores politikker og procedurer for indsamling, brug og videregivelse af dine oplysninger, n\u00e5r du bruger Tjenesten, samt informerer dig om dine privatlivsrettigheder og hvordan loven beskytter dig. Vi bruger dine personlige oplysninger til at levere og forbedre Tjenesten. Ved at bruge Tjenesten accepterer du indsamling og brug af oplysninger i overensstemmelse&hellip;","_links":{"self":[{"href":"https:\/\/danmarkiptv.tv\/en\/wp-json\/wp\/v2\/pages\/995","targetHints":{"allow":["GET"]}}],"collection":[{"href":"https:\/\/danmarkiptv.tv\/en\/wp-json\/wp\/v2\/pages"}],"about":[{"href":"https:\/\/danmarkiptv.tv\/en\/wp-json\/wp\/v2\/types\/page"}],"author":[{"embeddable":true,"href":"https:\/\/danmarkiptv.tv\/en\/wp-json\/wp\/v2\/users\/4"}],"replies":[{"embeddable":true,"href":"https:\/\/danmarkiptv.tv\/en\/wp-json\/wp\/v2\/comments?post=995"}],"version-history":[{"count":3,"href":"https:\/\/danmarkiptv.tv\/en\/wp-json\/wp\/v2\/pages\/995\/revisions"}],"predecessor-version":[{"id":3999,"href":"https:\/\/danmarkiptv.tv\/en\/wp-json\/wp\/v2\/pages\/995\/revisions\/3999"}],"wp:attachment":[{"href":"https:\/\/danmarkiptv.tv\/en\/wp-json\/wp\/v2\/media?parent=995"}],"curies":[{"name":"wp","href":"https:\/\/api.w.org\/{rel}","templated":true}]}}