{"id":1003,"date":"2023-06-06T09:18:11","date_gmt":"2023-06-06T09:18:11","guid":{"rendered":"https:\/\/danmarkiptv.tv\/?page_id=1003"},"modified":"2026-02-26T13:00:14","modified_gmt":"2026-02-26T13:00:14","slug":"terms-and-conditions","status":"publish","type":"page","link":"https:\/\/danmarkiptv.tv\/en\/terms-and-conditions\/","title":{"rendered":"Terms And Conditions"},"content":{"rendered":"<div data-elementor-type=\"wp-page\" data-elementor-id=\"1003\" class=\"elementor elementor-1003\" data-elementor-post-type=\"page\">\n\t\t\t\t\t\t<section class=\"elementor-section elementor-top-section elementor-element elementor-element-1092766e elementor-section-boxed elementor-section-height-default elementor-section-height-default\" data-id=\"1092766e\" data-element_type=\"section\" data-e-type=\"section\" data-settings=\"{&quot;background_background&quot;:&quot;classic&quot;}\">\n\t\t\t\t\t\t<div class=\"elementor-container elementor-column-gap-default\">\n\t\t\t\t\t<div class=\"elementor-column elementor-col-100 elementor-top-column elementor-element elementor-element-6da1bb76\" data-id=\"6da1bb76\" data-element_type=\"column\" data-e-type=\"column\">\n\t\t\t<div class=\"elementor-widget-wrap elementor-element-populated\">\n\t\t\t\t\t\t<section class=\"elementor-section elementor-inner-section elementor-element elementor-element-ef70dee elementor-section-boxed elementor-section-height-default elementor-section-height-default\" data-id=\"ef70dee\" data-element_type=\"section\" data-e-type=\"section\" data-settings=\"{&quot;background_background&quot;:&quot;gradient&quot;}\">\n\t\t\t\t\t\t\t<div class=\"elementor-background-overlay\"><\/div>\n\t\t\t\t\t\t\t<div class=\"elementor-container elementor-column-gap-default\">\n\t\t\t\t\t<div class=\"elementor-column elementor-col-100 elementor-inner-column elementor-element elementor-element-5400c4dd\" data-id=\"5400c4dd\" data-element_type=\"column\" data-e-type=\"column\">\n\t\t\t<div class=\"elementor-widget-wrap elementor-element-populated\">\n\t\t\t\t\t\t<div class=\"elementor-element elementor-element-6e627ca elementor-invisible elementor-widget elementor-widget-heading\" data-id=\"6e627ca\" data-element_type=\"widget\" data-e-type=\"widget\" data-settings=\"{&quot;_animation&quot;:&quot;bounceIn&quot;}\" data-widget_type=\"heading.default\">\n\t\t\t\t<div class=\"elementor-widget-container\">\n\t\t\t\t\t<h1 class=\"elementor-heading-title elementor-size-default\">Vilk\u00e5r og betingelser<\/h1>\t\t\t\t<\/div>\n\t\t\t\t<\/div>\n\t\t\t\t\t<\/div>\n\t\t<\/div>\n\t\t\t\t\t<\/div>\n\t\t<\/section>\n\t\t\t\t\t<\/div>\n\t\t<\/div>\n\t\t\t\t\t<\/div>\n\t\t<\/section>\n\t\t\t\t<section class=\"elementor-section elementor-top-section elementor-element elementor-element-92329f0 elementor-section-boxed elementor-section-height-default elementor-section-height-default\" data-id=\"92329f0\" data-element_type=\"section\" data-e-type=\"section\" data-settings=\"{&quot;background_background&quot;:&quot;classic&quot;}\">\n\t\t\t\t\t\t<div class=\"elementor-container elementor-column-gap-default\">\n\t\t\t\t\t<div class=\"elementor-column elementor-col-100 elementor-top-column elementor-element elementor-element-b9ee70e\" data-id=\"b9ee70e\" data-element_type=\"column\" data-e-type=\"column\">\n\t\t\t<div class=\"elementor-widget-wrap elementor-element-populated\">\n\t\t\t\t\t\t<div class=\"elementor-element elementor-element-40b87b1 elementor-widget elementor-widget-text-editor\" data-id=\"40b87b1\" data-element_type=\"widget\" data-e-type=\"widget\" data-widget_type=\"text-editor.default\">\n\t\t\t\t<div class=\"elementor-widget-container\">\n\t\t\t\t\t\t\t\t\t<h3>Fortolkning og definitioner<\/h3>\n\n<h3>Fortolkning<\/h3>\n<p>Ord, hvis begyndelsesbogstav er stort, har de betydninger, der er angivet i de f\u00f8lgende vilk\u00e5r. Nedenst\u00e5ende definitioner vil have samme betydning, uanset om de optr\u00e6der i ental eller flertal.<\/p>\n\n<h3>Definitioner<\/h3>\n<p>For form\u00e5lene med disse vilk\u00e5r og betingelser:<\/p>\n<ul>\n  <li><strong>Partner<\/strong> betyder en enhed, der kontrollerer, er kontrolleret af, eller er under f\u00e6lles kontrol med en part, hvor &#8220;kontrol&#8221; betyder besiddelse af 50% eller mere af aktier, kapitalandele eller andre v\u00e6rdipapirer med stemmeret til valg af direkt\u00f8rer eller anden ledende myndighed.<\/li>\n  <li><strong>Land<\/strong> henviser til: Californien, USA.<\/li>\n  <li><strong>Firma<\/strong> (ben\u00e6vnt &#8220;Firma&#8221;, &#8220;Vi&#8221;, &#8220;Os&#8221; eller &#8220;Vores&#8221; i denne aftale) refererer til demo2.<\/li>\n  <li><strong>Enhed<\/strong> betyder enhver enhed, der kan f\u00e5 adgang til Tjenesten, s\u00e5som en computer, mobiltelefon eller digital tablet.<\/li>\n  <li><strong>Tjeneste<\/strong> henviser til Websitet.<\/li>\n  <li><strong>Vilk\u00e5r og betingelser<\/strong> (ogs\u00e5 kaldet &#8220;Vilk\u00e5r&#8221;) betyder disse vilk\u00e5r og betingelser, der udg\u00f8r hele aftalen mellem dig og Firmaet vedr\u00f8rende brug af Tjenesten. Denne aftale om Vilk\u00e5r og betingelser er oprettet med hj\u00e6lp fra <a href=\"https:\/\/www.termsfeed.com\/terms-conditions-generator\/\" target=\"_blank\" rel=\"noopener\">TermsFeed Terms and Conditions Generator<\/a>.<\/li>\n  <li><strong>Tredjeparts sociale medietjenester<\/strong> betyder enhver service eller indhold (herunder data, information, produkter eller tjenester) leveret af en tredjepart, som kan vises, integreres eller deles via Tjenesten.<\/li>\n  <li><strong>Website<\/strong> henviser til demo2, tilg\u00e6ngelig fra demo2. <strong>Du<\/strong> betyder personen, der f\u00e5r adgang til eller bruger Tjenesten, eller en virksomhed eller anden juridisk enhed p\u00e5 hvis vegne en s\u00e5dan person f\u00e5r adgang til eller bruger Tjenesten, afh\u00e6ngigt af situationen.<\/li>\n<\/ul>\n\n<h3>Bekr\u00e6ftelse<\/h3>\n<p>Dette er de Vilk\u00e5r og betingelser, der regulerer brugen af denne Tjeneste, samt aftalen mellem dig og Firmaet. Disse Vilk\u00e5r fastl\u00e6gger rettigheder og pligter for alle brugere i forbindelse med brugen af Tjenesten.<\/p>\n\n<p>Din adgang til og brug af Tjenesten afh\u00e6nger af, at du accepterer og overholder disse Vilk\u00e5r. Disse Vilk\u00e5r g\u00e6lder for alle bes\u00f8gende, brugere og andre, der f\u00e5r adgang til eller bruger Tjenesten.<\/p>\n\n<p>Ved at f\u00e5 adgang til eller bruge Tjenesten accepterer du at overholde disse Vilk\u00e5r. Hvis du ikke accepterer nogen del af Vilk\u00e5rene, m\u00e5 du ikke f\u00e5 adgang til Tjenesten.<\/p>\n\n<p>Du bekr\u00e6fter, at du er over 18 \u00e5r. Firmaet tillader ikke personer under 18 \u00e5r at bruge Tjenesten.<\/p>\n\n<p>Din adgang til og brug af Tjenesten afh\u00e6nger ogs\u00e5 af, at du accepterer og overholder Firmaets privatlivspolitik. Vores privatlivspolitik beskriver vores politikker og procedurer vedr\u00f8rende indsamling, brug og videregivelse af dine personlige oplysninger, n\u00e5r du bruger appen eller webstedet, samt informerer om dine privatlivsrettigheder og hvordan loven beskytter dig. L\u00e6s venligst vores privatlivspolitik grundigt, f\u00f8r du bruger Tjenesten.<\/p>\n\n<h3>Links til andre websteder<\/h3>\n<p>Vores Tjeneste kan indeholde links til tredjeparts websteder eller tjenester, som ikke ejes eller kontrolleres af Firmaet.<\/p>\n\n<p>Firmaet har ingen kontrol over og p\u00e5tager sig intet ansvar for indhold, privatlivspolitikker eller praksis for tredjeparts websteder eller tjenester. Du accepterer yderligere, at Firmaet ikke er ansvarlig, direkte eller indirekte, for nogen skade eller tab, der m\u00e5tte opst\u00e5 som f\u00f8lge af eller i forbindelse med brug af eller afh\u00e6ngighed af s\u00e5dant indhold, varer eller tjenester, der er tilg\u00e6ngelige via tredjeparts websteder eller tjenester.<\/p>\n\n<p>Vi anbefaler, at du n\u00f8je gennemg\u00e5r vilk\u00e5rene og privatlivspolitikkerne for tredjeparts websteder eller tjenester, som du bes\u00f8ger.<\/p>\n\n<h3>Opsigelse<\/h3>\n<p>Vi kan straks afslutte eller suspendere din adgang uden forudg\u00e5ende varsel eller ansvar af enhver grund, herunder uden begr\u00e6nsning, hvis du overtr\u00e6der disse Vilk\u00e5r.<\/p>\n\n<p>Ved opsigelse oph\u00f8rer din ret til at bruge Tjenesten med det samme.<\/p>\n\n<h3>Ansvarsbegr\u00e6nsning<\/h3>\n<p>Uanset eventuelle tab, du m\u00e5tte lide, er Firmaets og dets leverand\u00f8rers samlede ansvar i henhold til nogen bestemmelse i disse Vilk\u00e5r og din eneste godtg\u00f8relse begr\u00e6nset til det bel\u00f8b, du faktisk har betalt via Tjenesten, eller 100 USD, hvis du ikke har k\u00f8bt noget via Tjenesten.<\/p>\n\n<p>I det maksimale omfang tilladt ved g\u00e6ldende lov vil Firmaet eller dets leverand\u00f8rer under ingen omst\u00e6ndigheder v\u00e6re ansvarlige for nogen s\u00e6rlig, tilf\u00e6ldig, indirekte eller f\u00f8lgeskade af nogen art (herunder, men ikke begr\u00e6nset til, tab af fortjeneste, tab af data eller andre oplysninger, driftsafbrydelser, personskade, tab af privatliv), der opst\u00e5r som f\u00f8lge af eller i forbindelse med brug eller manglende mulighed for at bruge Tjenesten, tredjeparts software og\/eller tredjeparts hardware, selv hvis Firmaet eller en leverand\u00f8r blev informeret om muligheden for s\u00e5danne skader.<\/p>\n\n<p>Nogle stater tillader ikke udelukkelse af indirekte garantier eller begr\u00e6nsning af ansvar for tilf\u00e6ldige eller f\u00f8lgeskader, s\u00e5 nogle af ovenst\u00e5ende begr\u00e6nsninger kan muligvis ikke g\u00e6lde. I disse stater vil ansvaret for hver part v\u00e6re begr\u00e6nset til det maksimalt tilladte ved lov.<\/p>\n\n<h3>&#8220;SOM DET ER&#8221; og &#8220;SOM TILG\u00c6NGELIG&#8221; Ansvarsfraskrivelse<\/h3>\n<p>Tjenesten leveres til dig &#8220;SOM DEN ER&#8221; og &#8220;SOM TILG\u00c6NGELIG&#8221; med alle fejl og mangler uden nogen form for garanti. I det maksimale omfang tilladt ved g\u00e6ldende lov fraskriver Firmaet, p\u00e5 egne vegne og p\u00e5 vegne af dets partnere og deres respektive licensgivere og tjenesteudbydere, udtrykkeligt alle garantier, udtrykkelige, underforst\u00e5ede, lovbestemte eller andre, vedr\u00f8rende Tjenesten, herunder enhver underforst\u00e5et garanti for salgbarhed, egnethed til et bestemt form\u00e5l, ejendomsret og ikke-kr\u00e6nkelse, samt garantier, der m\u00e5tte opst\u00e5 fra handelspraksis, brug eller erhvervsm\u00e6ssig praksis.<\/p>\t\t\t\t\t\t\t\t<\/div>\n\t\t\t\t<\/div>\n\t\t\t\t\t<\/div>\n\t\t<\/div>\n\t\t\t\t\t<\/div>\n\t\t<\/section>\n\t\t\t\t<\/div>","protected":false},"excerpt":{"rendered":"<p>Vilk\u00e5r og betingelser Fortolkning og definitioner Fortolkning Ord, hvis begyndelsesbogstav er stort, har de betydninger, der er angivet i de f\u00f8lgende vilk\u00e5r. Nedenst\u00e5ende definitioner vil have samme betydning, uanset om de optr\u00e6der i ental eller flertal. Definitioner For form\u00e5lene med disse vilk\u00e5r og betingelser: Partner betyder en enhed, der kontrollerer, er kontrolleret af, eller er [&hellip;]<\/p>\n","protected":false},"author":4,"featured_media":0,"parent":0,"menu_order":0,"comment_status":"closed","ping_status":"closed","template":"elementor_header_footer","meta":{"_themeisle_gutenberg_block_has_review":false,"footnotes":""},"class_list":["post-1003","page","type-page","status-publish","hentry"],"rttpg_featured_image_url":null,"rttpg_author":{"display_name":"","author_link":"https:\/\/danmarkiptv.tv\/en\/author\/"},"rttpg_comment":0,"rttpg_category":null,"rttpg_excerpt":"Vilk\u00e5r og betingelser Fortolkning og definitioner Fortolkning Ord, hvis begyndelsesbogstav er stort, har de betydninger, der er angivet i de f\u00f8lgende vilk\u00e5r. Nedenst\u00e5ende definitioner vil have samme betydning, uanset om de optr\u00e6der i ental eller flertal. Definitioner For form\u00e5lene med disse vilk\u00e5r og betingelser: Partner betyder en enhed, der kontrollerer, er kontrolleret af, eller er&hellip;","_links":{"self":[{"href":"https:\/\/danmarkiptv.tv\/en\/wp-json\/wp\/v2\/pages\/1003","targetHints":{"allow":["GET"]}}],"collection":[{"href":"https:\/\/danmarkiptv.tv\/en\/wp-json\/wp\/v2\/pages"}],"about":[{"href":"https:\/\/danmarkiptv.tv\/en\/wp-json\/wp\/v2\/types\/page"}],"author":[{"embeddable":true,"href":"https:\/\/danmarkiptv.tv\/en\/wp-json\/wp\/v2\/users\/4"}],"replies":[{"embeddable":true,"href":"https:\/\/danmarkiptv.tv\/en\/wp-json\/wp\/v2\/comments?post=1003"}],"version-history":[{"count":3,"href":"https:\/\/danmarkiptv.tv\/en\/wp-json\/wp\/v2\/pages\/1003\/revisions"}],"predecessor-version":[{"id":4003,"href":"https:\/\/danmarkiptv.tv\/en\/wp-json\/wp\/v2\/pages\/1003\/revisions\/4003"}],"wp:attachment":[{"href":"https:\/\/danmarkiptv.tv\/en\/wp-json\/wp\/v2\/media?parent=1003"}],"curies":[{"name":"wp","href":"https:\/\/api.w.org\/{rel}","templated":true}]}}